{"id":832,"date":"2021-10-28T17:13:27","date_gmt":"2021-10-28T15:13:27","guid":{"rendered":"http:\/\/www.zinnfiguren-andrae.de\/HPAndr%C3%A4\/?page_id=832"},"modified":"2021-10-28T17:13:27","modified_gmt":"2021-10-28T15:13:27","slug":"menz","status":"publish","type":"page","link":"https:\/\/www.zinnfiguren-andrae.de\/HPAndr%C3%A4\/?page_id=832","title":{"rendered":"Menz"},"content":{"rendered":"\n<p>In Kulmbach fragte mich Hardy, ob ich noch Kapazit\u00e4ten habe um Figuren zu gravieren, klar hatte ich, habe zu dem Zeitpunkt noch nicht so viel Auftr\u00e4ge f\u00fcr Gravuren gehabt.  Er hatte die Zeichnungen von Fritz Gorges dabei und da sie mir ganz gut gefielen, waren wir uns schnell einig.<\/p>\n\n\n\n<h4 class=\"wp-block-heading\">Lagerpl\u00fcnderung zur Zeit der Kreuzz\u00fcge <\/h4>\n\n\n\n<figure class=\"wp-block-image\"><img loading=\"lazy\" decoding=\"async\" width=\"900\" height=\"577\" src=\"https:\/\/www.zinnfiguren-andrae.de\/HPAndr%C3%A4\/wp-content\/uploads\/2021\/10\/LP4-3-2-1.jpg\" alt=\"\" class=\"wp-image-833\" srcset=\"https:\/\/www.zinnfiguren-andrae.de\/HPAndr%C3%A4\/wp-content\/uploads\/2021\/10\/LP4-3-2-1.jpg 900w, https:\/\/www.zinnfiguren-andrae.de\/HPAndr%C3%A4\/wp-content\/uploads\/2021\/10\/LP4-3-2-1-150x96.jpg 150w, https:\/\/www.zinnfiguren-andrae.de\/HPAndr%C3%A4\/wp-content\/uploads\/2021\/10\/LP4-3-2-1-300x192.jpg 300w, https:\/\/www.zinnfiguren-andrae.de\/HPAndr%C3%A4\/wp-content\/uploads\/2021\/10\/LP4-3-2-1-768x492.jpg 768w\" sizes=\"auto, (max-width: 900px) 100vw, 900px\" \/><figcaption>LP 4, 3. 2. 1<\/figcaption><\/figure>\n\n\n\n<figure class=\"wp-block-image\"><img loading=\"lazy\" decoding=\"async\" width=\"900\" height=\"360\" src=\"https:\/\/www.zinnfiguren-andrae.de\/HPAndr%C3%A4\/wp-content\/uploads\/2021\/10\/LP5-6-7-8.jpg\" alt=\"\" class=\"wp-image-834\" srcset=\"https:\/\/www.zinnfiguren-andrae.de\/HPAndr%C3%A4\/wp-content\/uploads\/2021\/10\/LP5-6-7-8.jpg 900w, https:\/\/www.zinnfiguren-andrae.de\/HPAndr%C3%A4\/wp-content\/uploads\/2021\/10\/LP5-6-7-8-150x60.jpg 150w, https:\/\/www.zinnfiguren-andrae.de\/HPAndr%C3%A4\/wp-content\/uploads\/2021\/10\/LP5-6-7-8-300x120.jpg 300w, https:\/\/www.zinnfiguren-andrae.de\/HPAndr%C3%A4\/wp-content\/uploads\/2021\/10\/LP5-6-7-8-768x307.jpg 768w\" sizes=\"auto, (max-width: 900px) 100vw, 900px\" \/><figcaption>LP5, 6, 7, 8<\/figcaption><\/figure>\n\n\n\n<figure class=\"wp-block-image\"><img loading=\"lazy\" decoding=\"async\" width=\"900\" height=\"389\" src=\"https:\/\/www.zinnfiguren-andrae.de\/HPAndr%C3%A4\/wp-content\/uploads\/2021\/10\/LP9-1_9-2_11_a.jpg\" alt=\"\" class=\"wp-image-836\" srcset=\"https:\/\/www.zinnfiguren-andrae.de\/HPAndr%C3%A4\/wp-content\/uploads\/2021\/10\/LP9-1_9-2_11_a.jpg 900w, https:\/\/www.zinnfiguren-andrae.de\/HPAndr%C3%A4\/wp-content\/uploads\/2021\/10\/LP9-1_9-2_11_a-150x65.jpg 150w, https:\/\/www.zinnfiguren-andrae.de\/HPAndr%C3%A4\/wp-content\/uploads\/2021\/10\/LP9-1_9-2_11_a-300x130.jpg 300w, https:\/\/www.zinnfiguren-andrae.de\/HPAndr%C3%A4\/wp-content\/uploads\/2021\/10\/LP9-1_9-2_11_a-768x332.jpg 768w\" sizes=\"auto, (max-width: 900px) 100vw, 900px\" \/><figcaption>LP9-1, 9-2, 11<\/figcaption><\/figure>\n\n\n\n<figure class=\"wp-block-image\"><img loading=\"lazy\" decoding=\"async\" width=\"900\" height=\"517\" src=\"https:\/\/www.zinnfiguren-andrae.de\/HPAndr%C3%A4\/wp-content\/uploads\/2021\/10\/LP12-14.jpg\" alt=\"\" class=\"wp-image-837\" srcset=\"https:\/\/www.zinnfiguren-andrae.de\/HPAndr%C3%A4\/wp-content\/uploads\/2021\/10\/LP12-14.jpg 900w, https:\/\/www.zinnfiguren-andrae.de\/HPAndr%C3%A4\/wp-content\/uploads\/2021\/10\/LP12-14-150x86.jpg 150w, https:\/\/www.zinnfiguren-andrae.de\/HPAndr%C3%A4\/wp-content\/uploads\/2021\/10\/LP12-14-300x172.jpg 300w, https:\/\/www.zinnfiguren-andrae.de\/HPAndr%C3%A4\/wp-content\/uploads\/2021\/10\/LP12-14-768x441.jpg 768w\" sizes=\"auto, (max-width: 900px) 100vw, 900px\" \/><figcaption>LP12, 13, 14<\/figcaption><\/figure>\n\n\n\n<figure class=\"wp-block-image\"><img loading=\"lazy\" decoding=\"async\" width=\"900\" height=\"469\" src=\"https:\/\/www.zinnfiguren-andrae.de\/HPAndr%C3%A4\/wp-content\/uploads\/2021\/10\/LP16-15-10.jpg\" alt=\"\" class=\"wp-image-838\" srcset=\"https:\/\/www.zinnfiguren-andrae.de\/HPAndr%C3%A4\/wp-content\/uploads\/2021\/10\/LP16-15-10.jpg 900w, https:\/\/www.zinnfiguren-andrae.de\/HPAndr%C3%A4\/wp-content\/uploads\/2021\/10\/LP16-15-10-150x78.jpg 150w, https:\/\/www.zinnfiguren-andrae.de\/HPAndr%C3%A4\/wp-content\/uploads\/2021\/10\/LP16-15-10-300x156.jpg 300w, https:\/\/www.zinnfiguren-andrae.de\/HPAndr%C3%A4\/wp-content\/uploads\/2021\/10\/LP16-15-10-768x400.jpg 768w\" sizes=\"auto, (max-width: 900px) 100vw, 900px\" \/><figcaption>LP16, 15, 10<\/figcaption><\/figure>\n\n\n\n<figure class=\"wp-block-image\"><img loading=\"lazy\" decoding=\"async\" width=\"900\" height=\"344\" src=\"https:\/\/www.zinnfiguren-andrae.de\/HPAndr%C3%A4\/wp-content\/uploads\/2021\/10\/LP1817.jpg\" alt=\"\" class=\"wp-image-839\" srcset=\"https:\/\/www.zinnfiguren-andrae.de\/HPAndr%C3%A4\/wp-content\/uploads\/2021\/10\/LP1817.jpg 900w, https:\/\/www.zinnfiguren-andrae.de\/HPAndr%C3%A4\/wp-content\/uploads\/2021\/10\/LP1817-150x57.jpg 150w, https:\/\/www.zinnfiguren-andrae.de\/HPAndr%C3%A4\/wp-content\/uploads\/2021\/10\/LP1817-300x115.jpg 300w, https:\/\/www.zinnfiguren-andrae.de\/HPAndr%C3%A4\/wp-content\/uploads\/2021\/10\/LP1817-768x294.jpg 768w\" sizes=\"auto, (max-width: 900px) 100vw, 900px\" \/><figcaption>PL18, 19<\/figcaption><\/figure>\n\n\n\n<p>Ein paar Figuren fehlen noch, sind aber graviert \ud83d\ude09 werde ich gelegentlich noch mal nachreichen.<\/p>\n\n\n\n<p>Clausewitz<\/p>\n\n\n\n<p>Diese Figur wurde anl\u00e4sslich seines 240. Geburtstages am 1.7.2020<\/p>\n\n\n\n<figure class=\"wp-block-image\"><img loading=\"lazy\" decoding=\"async\" width=\"495\" height=\"700\" src=\"https:\/\/www.zinnfiguren-andrae.de\/HPAndr%C3%A4\/wp-content\/uploads\/2021\/10\/Clausewitz.jpg\" alt=\"\" class=\"wp-image-840\" srcset=\"https:\/\/www.zinnfiguren-andrae.de\/HPAndr%C3%A4\/wp-content\/uploads\/2021\/10\/Clausewitz.jpg 495w, https:\/\/www.zinnfiguren-andrae.de\/HPAndr%C3%A4\/wp-content\/uploads\/2021\/10\/Clausewitz-106x150.jpg 106w, https:\/\/www.zinnfiguren-andrae.de\/HPAndr%C3%A4\/wp-content\/uploads\/2021\/10\/Clausewitz-212x300.jpg 212w\" sizes=\"auto, (max-width: 495px) 100vw, 495px\" \/><figcaption>Zeichnung hat Mike Michaelis gefertigt,  Augenh\u00f6he 75mm <\/figcaption><\/figure>\n","protected":false},"excerpt":{"rendered":"<p>In Kulmbach fragte mich Hardy, ob ich noch Kapazit\u00e4ten habe um Figuren zu gravieren, klar hatte ich, habe zu dem Zeitpunkt noch nicht so viel Auftr\u00e4ge f\u00fcr Gravuren gehabt. Er hatte die Zeichnungen von Fritz Gorges dabei und da sie mir ganz gut gefielen, waren wir uns schnell einig. Lagerpl\u00fcnderung zur Zeit der Kreuzz\u00fcge Ein &hellip; <a href=\"https:\/\/www.zinnfiguren-andrae.de\/HPAndr%C3%A4\/?page_id=832\" class=\"more-link\"><span class=\"screen-reader-text\">Menz<\/span> weiterlesen <span class=\"meta-nav\">&rarr;<\/span><\/a><\/p>\n","protected":false},"author":1,"featured_media":0,"parent":0,"menu_order":0,"comment_status":"closed","ping_status":"closed","template":"","meta":{"footnotes":""},"class_list":["post-832","page","type-page","status-publish","hentry"],"_links":{"self":[{"href":"https:\/\/www.zinnfiguren-andrae.de\/HPAndr%C3%A4\/index.php?rest_route=\/wp\/v2\/pages\/832","targetHints":{"allow":["GET"]}}],"collection":[{"href":"https:\/\/www.zinnfiguren-andrae.de\/HPAndr%C3%A4\/index.php?rest_route=\/wp\/v2\/pages"}],"about":[{"href":"https:\/\/www.zinnfiguren-andrae.de\/HPAndr%C3%A4\/index.php?rest_route=\/wp\/v2\/types\/page"}],"author":[{"embeddable":true,"href":"https:\/\/www.zinnfiguren-andrae.de\/HPAndr%C3%A4\/index.php?rest_route=\/wp\/v2\/users\/1"}],"replies":[{"embeddable":true,"href":"https:\/\/www.zinnfiguren-andrae.de\/HPAndr%C3%A4\/index.php?rest_route=%2Fwp%2Fv2%2Fcomments&post=832"}],"version-history":[{"count":1,"href":"https:\/\/www.zinnfiguren-andrae.de\/HPAndr%C3%A4\/index.php?rest_route=\/wp\/v2\/pages\/832\/revisions"}],"predecessor-version":[{"id":841,"href":"https:\/\/www.zinnfiguren-andrae.de\/HPAndr%C3%A4\/index.php?rest_route=\/wp\/v2\/pages\/832\/revisions\/841"}],"wp:attachment":[{"href":"https:\/\/www.zinnfiguren-andrae.de\/HPAndr%C3%A4\/index.php?rest_route=%2Fwp%2Fv2%2Fmedia&parent=832"}],"curies":[{"name":"wp","href":"https:\/\/api.w.org\/{rel}","templated":true}]}}