{"id":821,"date":"2021-10-28T15:58:28","date_gmt":"2021-10-28T13:58:28","guid":{"rendered":"http:\/\/www.zinnfiguren-andrae.de\/HPAndr%C3%A4\/?page_id=821"},"modified":"2021-10-28T15:58:28","modified_gmt":"2021-10-28T13:58:28","slug":"wilfried-dangelmaier","status":"publish","type":"page","link":"https:\/\/www.zinnfiguren-andrae.de\/HPAndr%C3%A4\/?page_id=821","title":{"rendered":"Wilfried Dangelmaier"},"content":{"rendered":"\n<p>F\u00fcr ihn durfte ich im Jubil\u00e4umsjahr von Franz Karl Mohr, er w\u00e4re 2021 125 Jahre alt geworden, Figuren nach dessen Zeichnungen gravieren. Sie waren Jahrelang unbeachtet bei Helmut Braune bzw. zuletzt bei seinem Sohn Michael, dem ich dann in Kulmbach 2019 anbot die Figuren zu gravieren. Ich kam zu sp\u00e4t, denn tags zuvor hat er die Zeichnungen Wilfrid \u00fcbereignet. Also fragte ich bei ihm an und wir wurden uns schnell einig und nun liegen die Figuren vor.<\/p>\n\n\n\n<p>Thema ist der Flandrische Ulenspiegel, zu dem es bereits Figuren bei Golberg, von Kovar graviert gab, die Wilfried vor einiger Zeit \u00fcbernommen hatte und so passt es nat\u00fcrlich, dass die neuen Figuren auch bei ihm zu haben sind. Einiger der Figuren entsprechen vom Thema her auch den bereits vorhandenen Figuren sind aber v\u00f6llig anders dargestellt. Nach der Lekt\u00fcre des Buches konnte ich aber feststellen, dass Mohr hier nicht sehr weit gekommen ist, gerade die ersten paar Seiten k\u00f6nnen mit den Figuren dargestellt werden, die Wirtshausschl\u00e4gerei und der Fischh\u00e4ndler k\u00f6nnten aber auch urspr\u00fcnglich in dieses Thema passen, was Mohr ca. 1958 entwickelte, also schon ein paar Tage her.<\/p>\n\n\n\n<p>Aus irgendeinem Grund hat Mohr das Thema dann nicht weiter verfolgt, das Buch h\u00e4tte eine Vielzahl von Themen geliefert, traue mir zu behaupten, noch mehr als es beim Faust geworden ist, den er ja aber auch nicht komplett selbst gravieren konnte und er sicher noch die ein oder andere Figur im Kopf gehabt haben d\u00fcrfte.<\/p>\n\n\n\n<p>Hier nun die von mir geschaffenen Figuren:<\/p>\n\n\n\n<figure class=\"wp-block-image\"><img loading=\"lazy\" decoding=\"async\" width=\"1024\" height=\"431\" src=\"https:\/\/www.zinnfiguren-andrae.de\/HPAndr%C3%A4\/wp-content\/uploads\/2021\/10\/F1v-1024x431.jpg\" alt=\"\" class=\"wp-image-822\" srcset=\"https:\/\/www.zinnfiguren-andrae.de\/HPAndr%C3%A4\/wp-content\/uploads\/2021\/10\/F1v-1024x431.jpg 1024w, https:\/\/www.zinnfiguren-andrae.de\/HPAndr%C3%A4\/wp-content\/uploads\/2021\/10\/F1v-150x63.jpg 150w, https:\/\/www.zinnfiguren-andrae.de\/HPAndr%C3%A4\/wp-content\/uploads\/2021\/10\/F1v-300x126.jpg 300w, https:\/\/www.zinnfiguren-andrae.de\/HPAndr%C3%A4\/wp-content\/uploads\/2021\/10\/F1v-768x323.jpg 768w, https:\/\/www.zinnfiguren-andrae.de\/HPAndr%C3%A4\/wp-content\/uploads\/2021\/10\/F1v.jpg 1599w\" sizes=\"auto, (max-width: 1024px) 100vw, 1024px\" \/><figcaption>Figur 13, 2 und 3a<\/figcaption><\/figure>\n\n\n\n<figure class=\"wp-block-image\"><img loading=\"lazy\" decoding=\"async\" width=\"1000\" height=\"428\" src=\"https:\/\/www.zinnfiguren-andrae.de\/HPAndr%C3%A4\/wp-content\/uploads\/2021\/10\/F2v-1000.jpg\" alt=\"\" class=\"wp-image-823\" srcset=\"https:\/\/www.zinnfiguren-andrae.de\/HPAndr%C3%A4\/wp-content\/uploads\/2021\/10\/F2v-1000.jpg 1000w, https:\/\/www.zinnfiguren-andrae.de\/HPAndr%C3%A4\/wp-content\/uploads\/2021\/10\/F2v-1000-150x64.jpg 150w, https:\/\/www.zinnfiguren-andrae.de\/HPAndr%C3%A4\/wp-content\/uploads\/2021\/10\/F2v-1000-300x128.jpg 300w, https:\/\/www.zinnfiguren-andrae.de\/HPAndr%C3%A4\/wp-content\/uploads\/2021\/10\/F2v-1000-768x329.jpg 768w\" sizes=\"auto, (max-width: 1000px) 100vw, 1000px\" \/><figcaption>Figur 8, 9c, 8b, 9<br><\/figcaption><\/figure>\n\n\n\n<figure class=\"wp-block-image\"><img loading=\"lazy\" decoding=\"async\" width=\"800\" height=\"398\" src=\"https:\/\/www.zinnfiguren-andrae.de\/HPAndr%C3%A4\/wp-content\/uploads\/2021\/10\/F3v-800.jpg\" alt=\"\" class=\"wp-image-824\" srcset=\"https:\/\/www.zinnfiguren-andrae.de\/HPAndr%C3%A4\/wp-content\/uploads\/2021\/10\/F3v-800.jpg 800w, https:\/\/www.zinnfiguren-andrae.de\/HPAndr%C3%A4\/wp-content\/uploads\/2021\/10\/F3v-800-150x75.jpg 150w, https:\/\/www.zinnfiguren-andrae.de\/HPAndr%C3%A4\/wp-content\/uploads\/2021\/10\/F3v-800-300x149.jpg 300w, https:\/\/www.zinnfiguren-andrae.de\/HPAndr%C3%A4\/wp-content\/uploads\/2021\/10\/F3v-800-768x382.jpg 768w\" sizes=\"auto, (max-width: 800px) 100vw, 800px\" \/><figcaption>Figur 4, 12, 3<\/figcaption><\/figure>\n\n\n\n<figure class=\"wp-block-image\"><img loading=\"lazy\" decoding=\"async\" width=\"1000\" height=\"773\" src=\"https:\/\/www.zinnfiguren-andrae.de\/HPAndr%C3%A4\/wp-content\/uploads\/2021\/10\/Mohr-FU017.jpg\" alt=\"\" class=\"wp-image-825\" srcset=\"https:\/\/www.zinnfiguren-andrae.de\/HPAndr%C3%A4\/wp-content\/uploads\/2021\/10\/Mohr-FU017.jpg 1000w, https:\/\/www.zinnfiguren-andrae.de\/HPAndr%C3%A4\/wp-content\/uploads\/2021\/10\/Mohr-FU017-150x116.jpg 150w, https:\/\/www.zinnfiguren-andrae.de\/HPAndr%C3%A4\/wp-content\/uploads\/2021\/10\/Mohr-FU017-300x232.jpg 300w, https:\/\/www.zinnfiguren-andrae.de\/HPAndr%C3%A4\/wp-content\/uploads\/2021\/10\/Mohr-FU017-768x594.jpg 768w\" sizes=\"auto, (max-width: 1000px) 100vw, 1000px\" \/><figcaption>Figur 10<br>Widmung auf dem Fu\u00dfbrettchen<br>&#8222;125 Jahre Franz-Karl Mohr&#8220;<br><\/figcaption><\/figure>\n","protected":false},"excerpt":{"rendered":"<p>F\u00fcr ihn durfte ich im Jubil\u00e4umsjahr von Franz Karl Mohr, er w\u00e4re 2021 125 Jahre alt geworden, Figuren nach dessen Zeichnungen gravieren. Sie waren Jahrelang unbeachtet bei Helmut Braune bzw. zuletzt bei seinem Sohn Michael, dem ich dann in Kulmbach 2019 anbot die Figuren zu gravieren. Ich kam zu sp\u00e4t, denn tags zuvor hat er &hellip; <a href=\"https:\/\/www.zinnfiguren-andrae.de\/HPAndr%C3%A4\/?page_id=821\" class=\"more-link\"><span class=\"screen-reader-text\">Wilfried Dangelmaier<\/span> weiterlesen <span class=\"meta-nav\">&rarr;<\/span><\/a><\/p>\n","protected":false},"author":1,"featured_media":0,"parent":0,"menu_order":0,"comment_status":"closed","ping_status":"closed","template":"","meta":{"footnotes":""},"class_list":["post-821","page","type-page","status-publish","hentry"],"_links":{"self":[{"href":"https:\/\/www.zinnfiguren-andrae.de\/HPAndr%C3%A4\/index.php?rest_route=\/wp\/v2\/pages\/821","targetHints":{"allow":["GET"]}}],"collection":[{"href":"https:\/\/www.zinnfiguren-andrae.de\/HPAndr%C3%A4\/index.php?rest_route=\/wp\/v2\/pages"}],"about":[{"href":"https:\/\/www.zinnfiguren-andrae.de\/HPAndr%C3%A4\/index.php?rest_route=\/wp\/v2\/types\/page"}],"author":[{"embeddable":true,"href":"https:\/\/www.zinnfiguren-andrae.de\/HPAndr%C3%A4\/index.php?rest_route=\/wp\/v2\/users\/1"}],"replies":[{"embeddable":true,"href":"https:\/\/www.zinnfiguren-andrae.de\/HPAndr%C3%A4\/index.php?rest_route=%2Fwp%2Fv2%2Fcomments&post=821"}],"version-history":[{"count":1,"href":"https:\/\/www.zinnfiguren-andrae.de\/HPAndr%C3%A4\/index.php?rest_route=\/wp\/v2\/pages\/821\/revisions"}],"predecessor-version":[{"id":826,"href":"https:\/\/www.zinnfiguren-andrae.de\/HPAndr%C3%A4\/index.php?rest_route=\/wp\/v2\/pages\/821\/revisions\/826"}],"wp:attachment":[{"href":"https:\/\/www.zinnfiguren-andrae.de\/HPAndr%C3%A4\/index.php?rest_route=%2Fwp%2Fv2%2Fmedia&parent=821"}],"curies":[{"name":"wp","href":"https:\/\/api.w.org\/{rel}","templated":true}]}}