{"id":685,"date":"2019-08-15T15:55:14","date_gmt":"2019-08-15T13:55:14","guid":{"rendered":"http:\/\/www.zinnfiguren-andrae.de\/HPAndr%C3%A4\/?page_id=685"},"modified":"2019-08-15T15:58:35","modified_gmt":"2019-08-15T13:58:35","slug":"handel-und-handwerk-iii","status":"publish","type":"page","link":"https:\/\/www.zinnfiguren-andrae.de\/HPAndr%C3%A4\/?page_id=685","title":{"rendered":"Handwerker und H\u00e4ndler III"},"content":{"rendered":"<p>HH13 &#8211; <strong>Gerber<\/strong><\/p>\n<p>(HH13a = Gerber; HH13b&nbsp; = Kunde; HH13c-d = beim Entfleischen; HH13e = Fleischbock; HH13f-i = beim Trocknen; HH13j,k = Lohe aufgie\u00dfend; HH13l = in Gerbergrube; HH13m = Karren mit frischen Fellen; HH13n = Lederst\u00fccke; HH13o = Schabeisen)<\/p>\n<p><img loading=\"lazy\" decoding=\"async\" src=\"https:\/\/www.zinnfiguren-andrae.de\/Bilder\/HandelHandwerk\/HH13-1.jpg\" alt=\"\" width=\"700\" height=\"325\"><br \/>\n<img loading=\"lazy\" decoding=\"async\" src=\"https:\/\/www.zinnfiguren-andrae.de\/Bilder\/HandelHandwerk\/HH13-2.jpg\" alt=\"\" width=\"700\" height=\"325\"><\/p>\n<p>Im Mittelalter entstanden in Europa Lederwerkst\u00e4tten in oft eindrucksvolle Gr\u00f6\u00dfe. Diese mussten sich jedoch in den St\u00e4dten in eigene Viertel<br \/>\nzur\u00fcckziehen, da es ein schmutziges und im wahrsten Sinne anr\u00fcchiges Gewerbe war. Durch die faulenden H\u00e4ute und den verwendeten<br \/>\n(giftigen) Chemikalien wurde extremer Gestank freigesetzt, au\u00dferdem war es nicht ungef\u00e4hrlich, konnte man sich doch leicht z.B. mit Milzbrand.<br \/>\nDie Gerber (auch Lohgerber, L\u00f6her, Loher) geh\u00f6rten zu den unreinen Handwerken. In manchen St\u00e4dten erinnern noch heute Stra\u00dfennamen<br \/>\nwie L\u00f6hergasse oder Lohgerberstra\u00dfe an das Handwerk.<\/p>\n<p>Die Serie wurde f\u00fcr ein Dioramenprojekt im Zinnfigurenmuseum Goslar graviert.<\/p>\n<p>Diorama unter Verwendung auch meiner Figuren von Hans Reiner Berthold:<\/p>\n<p><img loading=\"lazy\" decoding=\"async\" src=\"https:\/\/1.bp.blogspot.com\/-8cZ9WrnRBZw\/XF7DaMMBQLI\/AAAAAAAABHE\/SZqIpiRRE088uJ_5x7fCi5Nu8XkV1MOdACLcBGAs\/s1600\/Bild10.jpg\" alt=\"\" width=\"700\" height=\"325\"><br \/>\n<img loading=\"lazy\" decoding=\"async\" src=\"https:\/\/3.bp.blogspot.com\/-t2O5CJA_nyw\/XF7DaEr4IPI\/AAAAAAAABHA\/ZGsgxnBPBD8J4tWmRhddEo_nN582JlzugCLcBGAs\/s1600\/Bild20.jpg\" alt=\"\" width=\"700\" height=\"325\"><br \/>\n<img loading=\"lazy\" decoding=\"async\" src=\"https:\/\/1.bp.blogspot.com\/-bSY9h3JcoXA\/XF7DaM4QJgI\/AAAAAAAABG8\/sOa7ycAvDyYY_fVACfut1ePvMJzYjL1GgCLcBGAs\/s1600\/Bild30.jpg\" alt=\"\" width=\"700\" height=\"325\"><\/p>\n<p>N\u00e4here Informationen hierzu finden Sie hier: <a href=\"http:\/\/rheingaugeschichte.blogspot.com\/2019\/\" target=\"_blank\" rel=\"noopener\">Rheingaugeschichte<\/a><\/p>\n<p>&nbsp;<\/p>\n<p><a href=\"https:\/\/www.zinnfiguren-andrae.de\/HPAndr%C3%A4\/?page_id=685\">Zum Seitenanfang<\/a><\/p>\n","protected":false},"excerpt":{"rendered":"<p>HH13 &#8211; Gerber (HH13a = Gerber; HH13b&nbsp; = Kunde; HH13c-d = beim Entfleischen; HH13e = Fleischbock; HH13f-i = beim Trocknen; HH13j,k = Lohe aufgie\u00dfend; HH13l = in Gerbergrube; HH13m = Karren mit frischen Fellen; HH13n = Lederst\u00fccke; HH13o = Schabeisen) Im Mittelalter entstanden in Europa Lederwerkst\u00e4tten in oft eindrucksvolle Gr\u00f6\u00dfe. Diese mussten sich jedoch in &hellip; <a href=\"https:\/\/www.zinnfiguren-andrae.de\/HPAndr%C3%A4\/?page_id=685\" class=\"more-link\"><span class=\"screen-reader-text\">Handwerker und H\u00e4ndler III<\/span> weiterlesen <span class=\"meta-nav\">&rarr;<\/span><\/a><\/p>\n","protected":false},"author":1,"featured_media":0,"parent":0,"menu_order":0,"comment_status":"closed","ping_status":"closed","template":"","meta":{"footnotes":""},"class_list":["post-685","page","type-page","status-publish","hentry"],"_links":{"self":[{"href":"https:\/\/www.zinnfiguren-andrae.de\/HPAndr%C3%A4\/index.php?rest_route=\/wp\/v2\/pages\/685","targetHints":{"allow":["GET"]}}],"collection":[{"href":"https:\/\/www.zinnfiguren-andrae.de\/HPAndr%C3%A4\/index.php?rest_route=\/wp\/v2\/pages"}],"about":[{"href":"https:\/\/www.zinnfiguren-andrae.de\/HPAndr%C3%A4\/index.php?rest_route=\/wp\/v2\/types\/page"}],"author":[{"embeddable":true,"href":"https:\/\/www.zinnfiguren-andrae.de\/HPAndr%C3%A4\/index.php?rest_route=\/wp\/v2\/users\/1"}],"replies":[{"embeddable":true,"href":"https:\/\/www.zinnfiguren-andrae.de\/HPAndr%C3%A4\/index.php?rest_route=%2Fwp%2Fv2%2Fcomments&post=685"}],"version-history":[{"count":4,"href":"https:\/\/www.zinnfiguren-andrae.de\/HPAndr%C3%A4\/index.php?rest_route=\/wp\/v2\/pages\/685\/revisions"}],"predecessor-version":[{"id":797,"href":"https:\/\/www.zinnfiguren-andrae.de\/HPAndr%C3%A4\/index.php?rest_route=\/wp\/v2\/pages\/685\/revisions\/797"}],"wp:attachment":[{"href":"https:\/\/www.zinnfiguren-andrae.de\/HPAndr%C3%A4\/index.php?rest_route=%2Fwp%2Fv2%2Fmedia&parent=685"}],"curies":[{"name":"wp","href":"https:\/\/api.w.org\/{rel}","templated":true}]}}