{"id":52,"date":"2017-02-07T23:03:00","date_gmt":"2017-02-07T22:03:00","guid":{"rendered":"http:\/\/www.zinnfiguren-andrae.de\/HPAndr%C3%A4\/?page_id=52"},"modified":"2025-04-22T13:43:58","modified_gmt":"2025-04-22T11:43:58","slug":"links","status":"publish","type":"page","link":"https:\/\/www.zinnfiguren-andrae.de\/HPAndr%C3%A4\/?page_id=52","title":{"rendered":"Links"},"content":{"rendered":"\n<p>auf Seiten im Web, die wir f\u00fcr Interessant halten.<\/p>\n\n\n\n<h4 class=\"wp-block-heading\">(eine kleine Auswahl)<br><span style=\"color: #3366ff;\"><strong>Links zu Seiten \u00fcber Zinnfiguren<\/strong><\/span><\/h4>\n\n\n\n<p><strong><span style=\"color: #3366ff;\">Deutsche Gesellschaft der Freunde und Sammler kulturhistorischer Zinnfiguren e. V.<\/span><\/strong><\/p>\n\n\n<div class=\"wp-block-image\">\n<figure class=\"aligncenter\"><a href=\"http:\/\/www.zinnfiguren-klio.de\/\" target=\"_blank\" rel=\"http:\/\/www.zinnfiguren-klio.de\/ noopener\"><img decoding=\"async\" src=\"http:\/\/www.zinnfiguren-bock.de\/Bilder\/links\/klio.gif\" alt=\"Klio\"\/><\/a><\/figure>\n<\/div>\n\n\n<p><span style=\"color: #3366ff;\"><strong>Deutsches Zinnfigurenmuseum Plassenburg<\/strong><\/span> \/ <span style=\"color: #3366ff;\"><strong>Kulmbach<\/strong><\/span><\/p>\n\n\n<div class=\"wp-block-image\">\n<figure class=\"aligncenter\"><a href=\"http:\/\/www.kulmbach.de\/\"><img decoding=\"async\" src=\"http:\/\/www.kulmbach.de\/upload\/sp_image_top_6141.jpg\" alt=\"Willkommen in Kulmbach - Die Markgrafenstadt mit Flair im Herzen Oberfrankens\"\/><\/a><\/figure>\n<\/div>\n\n<div class=\"wp-block-image\">\n<figure class=\"aligncenter\"><a href=\"http:\/\/plassenburg.de\/de\/plassenburg\"><img decoding=\"async\" src=\"http:\/\/plassenburg.de\/magic\/show_image.php?id=10289&amp;thumbnail=1&amp;size=br480\" alt=\"Plassenburg, Sch\u00f6ner Hof\" title=\"Plassenburg, Sch\u00f6ner Hof\"\/><\/a><\/figure>\n<\/div>\n\n\n<h5 class=\"wp-block-heading\"><strong><a href=\"https:\/\/www.zinnfigurenmuseum-goslar.de\" target=\"_blank\" rel=\"noopener\"><span style=\"color: #3366ff;\">Zinnfigurenmuseum Goslar<\/span><\/a><\/strong><\/h5>\n\n\n\n<p>Deutschlands sch\u00f6nstes Zinnfigurenmuseum, was wir kennen<\/p>\n\n\n<div class=\"wp-block-image\">\n<figure class=\"aligncenter size-full is-resized\"><a href=\"https:\/\/www.zinnfigurenmuseum-goslar.de\/\"><img loading=\"lazy\" decoding=\"async\" width=\"200\" height=\"79\" src=\"https:\/\/www.zinnfiguren-andrae.de\/HPAndr%C3%A4\/wp-content\/uploads\/2025\/04\/logo-199w.webp\" alt=\"\" class=\"wp-image-1208\" style=\"width:388px;height:auto\"\/><\/a><\/figure>\n<\/div>\n\n\n<p><strong><span style=\"color: #0000ff;\"><a style=\"color: #0000ff;\" href=\"http:\/\/www.figure-mad.com\/smf\/index.php\" target=\"_blank\" rel=\"noopener\"> Figure MAD Forum<\/a><\/span><\/strong><br>Forum rund um die Zinn- und andere Figuren<\/p>\n\n\n\n<p><span style=\"color: #0000ff;\"><strong><a style=\"color: #0000ff;\" href=\"http:\/\/www.hz-forum.de\" target=\"_blank\" rel=\"noopener\"> HZ-Forum<\/a><\/strong><\/span><br>Forum rund um die Zinnfigur<\/p>\n\n\n\n<p><strong><span style=\"color: #3366ff;\">Karl-Werner Rieger<\/span><\/strong> Zinnfigurenherausgeber und Gravuer in Kiel, Software f\u00fcr Zinnfiguren<\/p>\n\n\n<div class=\"wp-block-image\">\n<figure class=\"aligncenter\"><a href=\"http:\/\/www.zinnfiguren-rieger.de\" target=\"_blank\" rel=\"http:\/\/www.zinnfiguren-klio.de\/ noopener\"><img decoding=\"async\" src=\"http:\/\/www.zinnfiguren-rieger.de\/fotos\/rivel.jpg\" alt=\"\"\/><\/a><\/figure>\n<\/div>\n\n\n<p><span style=\"color: #3366ff;\"><strong>Alexander Wilken <\/strong><span style=\"color: #000000;\">Zinnfigurenherausgeber <\/span><\/span><\/p>\n\n\n<div class=\"wp-block-image\">\n<figure class=\"aligncenter\"><a href=\"http:\/\/www.zinnfiguren-wilken.de\" target=\"_blank\" rel=\"noopener\"><img decoding=\"async\" src=\"http:\/\/www.zinnfiguren-wilken.de\/bilder_seite\/img2.jpg\" alt=\"Start\" title=\"Start\"\/><\/a><\/figure>\n<\/div>\n\n\n<p><span style=\"color: #0000ff;\"><strong><\/strong><\/span><\/p>\n\n\n\n<p><strong><span style=\"color: #0000ff;\"><a href=\"http:\/\/www.Raizinn.de\"> Bettina S\u00fcssmaier <\/a><\/span><\/strong><\/p>\n\n\n\n<p>Zinnfigurenherausgeberin und Graveurin in Raisting<\/p>\n\n\n\n<p><br><span style=\"color: #3366ff;\"><strong>Regina Sonntag<\/strong><\/span> &#8211; <\/p>\n\n\n\n<p>Graveurin und Herausgeberin in Gilten<\/p>\n\n\n\n<p>Seite von <span style=\"color: #3366ff;\"><strong>Christopher Ludewig<\/strong><\/span>, fantastisch bemalte Figuren und Dioramen<\/p>\n\n\n<div class=\"wp-block-image\">\n<figure class=\"aligncenter\"><a href=\"http:\/\/flachfigur.de\/\/\" target=\"_blank\" rel=\"noopener\"><img decoding=\"async\" src=\"http:\/\/www.zinnfiguren-bock.de\/Bilder\/links\/ludewig.jpg\" alt=\"Flachfigur\"\/><\/a><\/figure>\n<\/div>\n\n\n<p><span style=\"color: #0000ff;\"><\/span><\/p>\n\n\n\n<p><span style=\"color: #3366ff;\"><strong>Helmut Saiger<\/strong> <\/span>&#8211; Roemische-Zinnfigurendioramen<\/p>\n\n\n<div class=\"wp-block-image\">\n<figure class=\"aligncenter\"><a href=\"http:\/\/www.roemische-zinnfigurendioramen-neuenburg-am-rhein.de\" target=\"_blank\" rel=\"noopener\"><img decoding=\"async\" src=\"http:\/\/www.roemische-zinnfigurendioramen-neuenburg-am-rhein.de\/s\/img\/emotionheader.jpg?1336315016.220px.110px\" alt=\"\"\/><\/a><\/figure>\n<\/div>\n\n\n<p><span style=\"color: #3366ff;\"><strong>Edition Krannich<\/strong> <\/span>&#8211; B\u00fccher \u00fcber Zinnfiguren und deren Hersteller und Gravuere, flache und Pastische Zinnfiguren<\/p>\n\n\n\n<p><span style=\"color: #0000ff;\"><a style=\"color: #0000ff;\" href=\"http:\/\/www.edition-krannich.de\/\" target=\"_blank\" rel=\"noopener\"><img loading=\"lazy\" decoding=\"async\" class=\"alignnone\" src=\"http:\/\/www.edition-krannich.de\/files\/mohr_rembrandt_fourquet_b400.jpg\" alt=\"Krannich\" width=\"400\" height=\"281\"><\/a><\/span><br><span style=\"color: #3366ff;\"><strong>Jupiter Miniatura<\/strong> <\/span>\/ Benedikt Widmann &#8211; Ausgefallene Einzelfiguren in Vitrinengr\u00f6\u00dfe<\/p>\n\n\n<div class=\"wp-block-image\">\n<figure class=\"aligncenter\"><a href=\"http:\/\/flachfigur.de\/\/\" target=\"_blank\" rel=\"noopener\"><img decoding=\"async\" src=\"http:\/\/www.zinnfiguren-bock.de\/Bilder\/links\/_wsb_keyvisual.jpg\" alt=\"Flachfigur\"\/><\/a><\/figure>\n<\/div>\n\n\n<p><span style=\"color: #0000ff;\"><\/span><\/p>\n\n\n\n<p>Herausgeber <span style=\"color: #3366ff;\"><strong>Wolfgang Bock<\/strong><\/span> in Wernigerode<\/p>\n\n\n<div class=\"wp-block-image\">\n<figure class=\"aligncenter\"><a href=\"http:\/\/www.zinnfiguren-bock.de\" target=\"_blank\" rel=\"noopener\"><img decoding=\"async\" src=\"http:\/\/www.zinnfiguren-bock.de\/Bilder\/banner2.jpg\" alt=\"Reiter\"\/><\/a><\/figure>\n<\/div>\n\n\n<p><span style=\"color: #0000ff;\"><strong><\/strong><\/span><\/p>\n\n\n\n<p><a>Zum Seitenanfang<\/a><br>+++++++++++++++++++++++++++++++++++++++++++++++++++<\/p>\n\n\n\n<h2 class=\"wp-block-heading\">Links zu anderen Themen<\/h2>\n\n\n\n<p><span style=\"color: #3366ff;\"><strong><a style=\"color: #3366ff;\" href=\"http:\/\/www.goerlitz.de\/\" target=\"_blank\" rel=\"noopener\"> G\u00f6rlitz<\/a><\/strong><\/span><br><a>Webseite der Stadt G\u00f6rlitz<\/a><\/p>\n\n\n\n<p><span style=\"color: #0000ff;\"><strong><a style=\"color: #0000ff;\" href=\"http:\/\/www.naseweis-met.de\" target=\"_blank\" rel=\"noopener\"> Naseweis Met<\/a><\/strong><\/span><br><a>Met der Spitzenklasse<\/a><\/p>\n\n\n\n<p><strong><span style=\"color: #0000ff;\"><a style=\"color: #0000ff;\" href=\"http:\/\/www.yakovenko-kunst.de\" target=\"_blank\" rel=\"noopener\"> Olga Yakovenko &#8211; Malerin<\/a><\/span><\/strong><br><a>Grafik, Portr\u00e4ts, Aquarelle, \u00d6lgem\u00e4lde und Fotografie <\/a><\/p>\n\n\n\n<p><span style=\"color: #0000ff;\"><strong><a style=\"color: #0000ff;\" href=\"http:\/\/www.schloss-proschwitz.de\" target=\"_blank\" rel=\"noopener\"> Schloss-Proschwitz<\/a><\/strong><\/span><br><a>Weingut in Mei\u00dfen<\/a><\/p>\n\n\n\n<p><span style=\"color: #0000ff;\"><strong><a style=\"color: #0000ff;\" href=\"http:\/\/www.Kulturinsel.de\" target=\"_blank\" rel=\"noopener\"> Der Gr\u00fcngeringelte Freizeitpark<\/a><\/strong><\/span><br><a>AbenteuerSpiellandschaft in der N\u00e4he von G\u00f6rlitz an der Neisse<\/a><\/p>\n\n\n\n<p><span style=\"color: #0000ff;\"><strong>E<a style=\"color: #0000ff;\" href=\"http:\/\/www.eislaufverein-niesky.de\" target=\"_blank\" rel=\"noopener\">islaufverein Niesky<\/a><\/strong><\/span><br><a>Bis zur Wintersaison 2015\/2016 wurde in einem Freiluftstadion gespielt, welches nun komplett umgebaut und \u00fcberdacht ist.<\/a><\/p>\n\n\n\n<p><span style=\"color: #0000ff;\"><strong><a style=\"color: #0000ff;\" href=\"http:\/\/www.tornado-niesky.de\" target=\"_blank\" rel=\"noopener\">Tornado Niesky<\/a><\/strong><\/span><a href=\"http:\/\/www.tornado-niesky.de\" target=\"_blank\" rel=\"noopener\"><br><\/a><a>Fanseite der Tornados<\/a><\/p>\n\n\n\n<p><span style=\"color: #0000ff;\"><strong><a style=\"color: #0000ff;\" href=\"http:\/\/saalebulls.com\" target=\"_blank\" rel=\"noopener\"> MEC Halle 04 &#8211; Sallebulls<\/a><\/strong><\/span><br><a>Eishockey in Halle\/S.<\/a><\/p>\n\n\n\n<h4 class=\"wp-block-heading\">In eigener Sache<\/h4>\n\n\n\n<p>Am 12. Mai 1998 hat das Landgericht Hamburg entschieden, dass durch die Ausbringung eines Links, die Inhalte der gelinkten Seite mit zu verantworten sind. Das Urteil ist rechtskr\u00e4ftig. Diese Haftung kann, so das besagte Landgericht, nur dadurch ausgeschlossen werden, indem man sich ausdr\u00fccklich von den Inhalten der gelinkten Seite distanziert.Auf dieser Hompage sind einige Links angelegt. Aus gegebenem Anlass weisen wir darauf hin, das wir keinen Einfluss auf die Inhalte der gelinkten Seiten haben. Aus diesem Grund distanzieren wir uns ausdr\u00fccklich von allen Inhalten der gelinkten Seiten. Dieser Hinweis gilt f\u00fcr alle auf unserer Homepage angebrachten Links. Dabei ist es gleich, ob diese als Link erkennbar sind oder nicht.Der Besucher darf die Seite nur besuchen, wenn er diese Erkl\u00e4rung rechtlich als verbindlich anerkennt.<\/p>\n\n\n\n<p><a>Zum Seitenanfang<\/a><\/p>\n","protected":false},"excerpt":{"rendered":"<p>auf Seiten im Web, die wir f\u00fcr Interessant halten. (eine kleine Auswahl)Links zu Seiten \u00fcber Zinnfiguren Deutsche Gesellschaft der Freunde und Sammler kulturhistorischer Zinnfiguren e. V. Deutsches Zinnfigurenmuseum Plassenburg \/ Kulmbach Zinnfigurenmuseum Goslar Deutschlands sch\u00f6nstes Zinnfigurenmuseum, was wir kennen Figure MAD ForumForum rund um die Zinn- und andere Figuren HZ-ForumForum rund um die Zinnfigur Karl-Werner &hellip; <a href=\"https:\/\/www.zinnfiguren-andrae.de\/HPAndr%C3%A4\/?page_id=52\" class=\"more-link\"><span class=\"screen-reader-text\">Links<\/span> weiterlesen <span class=\"meta-nav\">&rarr;<\/span><\/a><\/p>\n","protected":false},"author":1,"featured_media":0,"parent":0,"menu_order":0,"comment_status":"closed","ping_status":"closed","template":"page-templates\/full-width.php","meta":{"footnotes":""},"class_list":["post-52","page","type-page","status-publish","hentry"],"_links":{"self":[{"href":"https:\/\/www.zinnfiguren-andrae.de\/HPAndr%C3%A4\/index.php?rest_route=\/wp\/v2\/pages\/52","targetHints":{"allow":["GET"]}}],"collection":[{"href":"https:\/\/www.zinnfiguren-andrae.de\/HPAndr%C3%A4\/index.php?rest_route=\/wp\/v2\/pages"}],"about":[{"href":"https:\/\/www.zinnfiguren-andrae.de\/HPAndr%C3%A4\/index.php?rest_route=\/wp\/v2\/types\/page"}],"author":[{"embeddable":true,"href":"https:\/\/www.zinnfiguren-andrae.de\/HPAndr%C3%A4\/index.php?rest_route=\/wp\/v2\/users\/1"}],"replies":[{"embeddable":true,"href":"https:\/\/www.zinnfiguren-andrae.de\/HPAndr%C3%A4\/index.php?rest_route=%2Fwp%2Fv2%2Fcomments&post=52"}],"version-history":[{"count":25,"href":"https:\/\/www.zinnfiguren-andrae.de\/HPAndr%C3%A4\/index.php?rest_route=\/wp\/v2\/pages\/52\/revisions"}],"predecessor-version":[{"id":1211,"href":"https:\/\/www.zinnfiguren-andrae.de\/HPAndr%C3%A4\/index.php?rest_route=\/wp\/v2\/pages\/52\/revisions\/1211"}],"wp:attachment":[{"href":"https:\/\/www.zinnfiguren-andrae.de\/HPAndr%C3%A4\/index.php?rest_route=%2Fwp%2Fv2%2Fmedia&parent=52"}],"curies":[{"name":"wp","href":"https:\/\/api.w.org\/{rel}","templated":true}]}}