{"id":213,"date":"2017-02-15T17:49:55","date_gmt":"2017-02-15T16:49:55","guid":{"rendered":"http:\/\/www.zinnfiguren-andrae.de\/HPAndr%C3%A4\/?page_id=213"},"modified":"2018-05-31T23:07:13","modified_gmt":"2018-05-31T21:07:13","slug":"gravur-einer-form-teil-2","status":"publish","type":"page","link":"https:\/\/www.zinnfiguren-andrae.de\/HPAndr%C3%A4\/?page_id=213","title":{"rendered":"Gravur einer Form \u2013 Teil 2"},"content":{"rendered":"<div align=\"center\"><strong>Fu\u00dfbrettchen<\/strong><\/div>\n<p>Fu\u00dfbrettchen sind, wie so vieles, Geschmacksache, ich bevorzuge diese Form, die ich hier nun zeige:<br \/>\nZuerst ziehe ich Hilfslinien f\u00fcr Fu\u00dfleiste und f\u00fcr das Fu\u00dfbrett, hier 1 mm bzw. 4,5 mm<br \/>\nMit Rotstift habe ich die gleichm\u00e4\u00dfige Unterteilung des Fu\u00dfbrettchens vorgenommen, R\u00e4nder und Mitte zuerst und dann die Zwischenr\u00e4ume jeweils geteilt, so dass ich eine Art Raster erhalte. Mit deren Hilfe kan ich nun die Fu\u00dfbrettform mit Rotstift vorskizzieren.<br \/>\n<img decoding=\"async\" class=\"bbc_img\" src=\"http:\/\/www.zinnfiguren-andrae.de\/Bilder\/Forum\/FB%2001.jpg\" alt=\"\" \/><\/p>\n<p>Mit der Rei\u00dfnadel und anschlie\u00dfend mit dem 2er Boll arbeite ich die Kontur nach, welche schon die gew\u00fcnschte Tiefe erreichen kann.<br \/>\n<img decoding=\"async\" class=\"bbc_img\" src=\"http:\/\/www.zinnfiguren-andrae.de\/Bilder\/Forum\/FB%2002.jpg\" alt=\"\" \/><\/p>\n<p>Anschlie\u00dfend wird mit einem Flachstichel der Rand schr\u00e4g nachgestochen. Mit diesem Sticheln werden 3 oder mehr (je nach Gr\u00f6\u00dfe des FB) Linien vorgestochen.<br \/>\n<img decoding=\"async\" class=\"bbc_img\" src=\"http:\/\/www.zinnfiguren-andrae.de\/Bilder\/Forum\/FB%2003.jpg\" alt=\"\" \/><\/p>\n<p>Diese Linien k\u00f6nnen nun, je nach Belieben, mit einem Facettenstichel, einem Flachstichen (Schr\u00e4g angesetzt) oder einem gr\u00f6\u00dferen Boll (z.B. 8) wie hier, nachgezogen werden. Das mache ich, weil es deutich weniger Zeit und Kraft erfordert, als direkt mit einem breiten Flachstichel gegen die Schieferschicht zu arbeiten. Denn hier ist der Stein deutlich h\u00e4rter, als auf der Gravurseite! Nun kann ich die Tiefe pr\u00fcfen und ggf. noch mal nacharbeiten. Ich orientiere auf etwa 0,5 &#8211; 0,7 mm Tiefe.<br \/>\n<img decoding=\"async\" class=\"bbc_img\" src=\"http:\/\/www.zinnfiguren-andrae.de\/Bilder\/Forum\/FB%2004.jpg\" alt=\"\" \/><\/p>\n<p>Auf dem folgenden Bild ist das FB bereits mit einem Flachstichel ausgearbeitet, jedoch noch nicht final gegl\u00e4ttet.<br \/>\n<img decoding=\"async\" class=\"bbc_img\" src=\"http:\/\/www.zinnfiguren-andrae.de\/Bilder\/Forum\/FB%2006.jpg\" alt=\"\" \/><\/p>\n<p>Der Steg der Figur, der verl\u00e4ngerte Einguss, wird nun graviert.<br \/>\nMit einem Boll 5 habe ich diesen ersteinmal festgelegt.<br \/>\nDann mit einer Feile grob und schr\u00e4g angefeilt und anschlie\u00dfend mit einem geeigneten Stichel, der relativ gro\u00df sein kann, ausmodeliert. Im Bild von Rechts nach Links zu sehen.<br \/>\n<img decoding=\"async\" class=\"bbc_img\" src=\"http:\/\/www.zinnfiguren-andrae.de\/Bilder\/Forum\/FB%2005.jpg\" alt=\"\" \/><\/p>\n<p>Sept. 2017: Inzwischen arbeite ich erst den Steg aus und danach\u00a0 das Fu\u00dfbrettchen.<\/p>\n<hr \/>\n<div align=\"center\"><strong>Seite 2 &#8211; \u00dcbertrag auf den 2. Stein<\/strong><\/div>\n<p>Nun muss die Form so vorbereitet werden, dass Seite 1 auf Seite 2 \u00fcbertragen werden kann.<br \/>\nDazu m\u00fcssen die Haftkerne gebohrt werden. Die f\u00fcr mich einfachste Art zu verhindern, dass diese sich im Laufe der Zeit verdrehen (was man bei einem einfach durch den Stein gebohrtes Loch nicht ausschlie\u00dfen kann), ist das Bohren der L\u00f6cher von 2 Seiten.\u00a0 So bekommt man einen nicht verdrehbaren Excenter, selbst wenn man versuchen w\u00fcrde, die 1. Bohrung genau zu treffen. Es reicht, hier auf der R\u00fcckseite den Bohrer nicht ganz auf die Mitte der Markierung zu setzen, bei einem Lochdruchmesser von 6 &#8211; 7 mm passt das zu 100 %, um diesen gew\u00fcnschten Excenter zu erreichen und gleichzeitig genug Masse f\u00fcr einen Kern zu erreichen, der so schnell nicht nachgibt.<br \/>\n<img decoding=\"async\" class=\"bbc_img\" src=\"http:\/\/www.zinnfiguren-andrae.de\/Bilder\/Forum\/Kern.jpg\" alt=\"\" \/><\/p>\n<p>Dazu die Positionen der L\u00f6cher auf beiden Seiten markieren. Das kann man ausmessen oder mit einem Anrei\u00dfschieber erreichen.<br \/>\nWichtig ist es dabei, genau zu Pr\u00fcfen, wo man die Markierungen setzt. Ich habe da auch schon mal daneben gebohrt! Das ist aber halb so wild, da ich ja nur ungef\u00e4hr bis zur H\u00e4lte des Steines bohre. Im schlimmsten Fall ist es ein nicht ben\u00f6tigtes Sackloch, was keinen st\u00f6ren sollte.<\/p>\n<p>Auf der 2. Formh\u00e4lfte wird mit einem Glasbohrer ein ausreichend gro\u00dfer Kegel gebohrt, dessen Position mit der 1. Formh\u00e4lfte festgelegt wurde oder mit einer Rei\u00dfnadel durch Form 1 angerissen wurde.<\/p>\n<p>Der Bohrer, der f\u00fcr die Bohrung auf Seite 1 verwendet wird, sollte m\u00f6glichst ein scharf geschliffener Hartmetallbohrer sein. Die Bohrer, die man im Handel bekommt, sind nicht scharf geschliffen, da sie f\u00fcr ganz andere Zwecke konzipiert wurden &#8211; Schlagbohrer eben. Ich werde solche Bohrer mal in meinem Shop anbieten, ggf. mit Lieferzeit, da ich mir da nicht so viele auf Halde legen kann.<\/p>\n<p>Nun gilt es, die Form anzuw\u00e4rmen und die Formenh\u00e4lften so aufeinander zu fixieren (Klemmzwinge), dass diese korrekt an den R\u00e4ndern aufeinderliegen. Die Bohrungen k\u00f6nnen nun ausgegossen werden. Dazu nehme ich die gleiche Legierung, welche ich auch f\u00fcr die Figuren nehme. Fr\u00fcher wurde Blei genommen, kann man also auch machen.<\/p>\n<p>Wenn der Haftkern nicht gelungen ist, auch kein Problem. Dann nehme ich die Form, halte sie \u00fcber den Schmelzofen und gie\u00dfe solange Zinn drauf, bis dieser ausgeschmolzen ist. 3 mal\u00a0 gie\u00dfen hat bisher bei einem gerade gegossenen Kern meist ausgereicht.<br \/>\nFr\u00fcher habe ich diese ausgebohrt, das aber hat 2 Nachteile,zum einen fliegen die Zinnsp\u00e4ne h\u00fcbsch durch die Gegend und zum andern findet man sie nicht alle wieder &#8230;<\/p>\n<p>Den Abdruck mache ich in mehreren Abschnitten, denn meine Erfahrung zeigt, dass der \u00dcbertrag mir so besser gelingt, als bei einem vollst\u00e4ndigen Abdruck. So kann ich es vermeiden, einzelne Abschnitte beim Umrei\u00dfen mit der Rei\u00dfnadel, zu verwischen. Zum anderen werden dabei die Konturen mehrmals \u00fcbertragen und ich kann so den ein oder anderen Fehler besser erkennen und korrigieren.<br \/>\nIm 2. Bild ist der erste Teil mit der Rei\u00dfnadel fixiert, bei der Lanze wurde auch wieder nur ein Teil markiert, der Rest wird dann sp\u00e4ter mit dem Lineal erledigt.<br \/>\n<img decoding=\"async\" class=\"bbc_img\" src=\"http:\/\/www.zinnfiguren-andrae.de\/Bilder\/Forum\/2016-20.jpg\" alt=\"\" \/><img decoding=\"async\" class=\"bbc_img\" src=\"http:\/\/www.zinnfiguren-andrae.de\/Bilder\/Forum\/2016-21.jpg\" alt=\"\" \/><\/p>\n<p>Im Folgenden ist ein weiterer Abschnitt \u00fcbertragen worden.\u00a0 Wenn man genau hinsieht, am oberen Pferdehals und Schild ist mit der Rei\u00dfnadel nicht genau gearbeitet worden, das kann nun korrigiert werden.<br \/>\n<img decoding=\"async\" class=\"bbc_img\" src=\"http:\/\/www.zinnfiguren-andrae.de\/Bilder\/Forum\/2016-22.jpg\" alt=\"\" \/><\/p>\n<p>Das liegt oft daran, dass zu viel Ru\u00df aufgeragen wurde. Entweder wurde die 2. Steinh\u00e4lfte zu stark angefeuchtet oder auf Stein 1 kam zu viel Ru\u00df drauf. Daher versuche ich das zu vermeiden, indem ich nach dem Abdr\u00fccken mit einem weichen Kosmetikpinsel vorsichtig den \u00fcbersch\u00fcssigen Ru\u00df entferne. Man muss nur drauf achten, die Kontur nicht zu verwischen, also ganz vorsichtig vorgehen. Lieber den Abdruck im Zweifel wiederholen.<br \/>\n<img decoding=\"async\" class=\"bbc_img\" src=\"http:\/\/www.zinnfiguren-andrae.de\/Bilder\/Forum\/Abdruck.jpg\" alt=\"\" \/><\/p>\n<p>Im folgenden Bild habe ich die Kantenlinien der Schabracke von der Zeichnung der 2. Seite \u00fcbertragen, da ich die Winkel f\u00fcr das Anlegen der Zeichnung von Seite 1 beim Abdr\u00fccken mit \u00fcbernommen habe &#8211;\u00a0 die Zeichnung hat die entsprechenden Ausschnitte ja auch auf beiden Seiten\u00a0 &#8211;\u00a0 ich kann die Zeichnung hier auch wie auf Seite 1 anlegen. Mit Schr\u00e4gstrichen habe ich versucht, dies mal etwas deutlich zu machen. Ebenfalls mit Hilfe der Zeichnung habe ich das 2. Ohr und den Rumpf des Ritters \u00fcbertragen.<br \/>\n<img decoding=\"async\" class=\"bbc_img\" src=\"http:\/\/www.zinnfiguren-andrae.de\/Bilder\/Forum\/2016-23.jpg\" alt=\"\" \/><\/p>\n<p>Nach dem \u00dcbertrag geht es weiter wie auf Seite 1, hier sind die Konturen bereits mit einem Bollstichel erneut nachgearbeitet worden.<br \/>\n<img decoding=\"async\" class=\"bbc_img\" src=\"http:\/\/www.zinnfiguren-andrae.de\/Bilder\/Forum\/2016-24.jpg\" alt=\"\" \/><\/p>\n<p>Da ab hier im Wesentichen das bereits Geschriebene wiederholt werden w\u00fcrde, werde ich hier nicht weiter jeden Einzelschritt erkl\u00e4ren.<br \/>\nJedoch die Bilder zeigen, wie es weiter geht und ggf.\u00a0 werde ich auf die ein oder andere Besondereit aufmerksam machen.<\/p>\n<hr \/>\n<div align=\"center\"><strong>Eingu\u00df<\/strong><\/div>\n<p>Wie bei allem, gibt es auch hier diverse Meinungen:<br \/>\nSo sagte z. B. Frauendorf, es reicht ein gerader, zylindrischer Eingu\u00df ohne Trichterform, da alles im Trichter, was breiter ist als der Querschnitt des Fu\u00dfbrettchens das Zinn staut. Gut, aber wer hat das schon mal sehen k\u00f6nnen, ich habe keine R\u00f6ntgenaugen.<br \/>\n<img decoding=\"async\" class=\"smiley\" title=\"72\" src=\"http:\/\/www.figure-mad.com\/smf\/Smileys\/fantasticsmileys\/72.gif\" alt=\":72:\" \/><br \/>\nFormen von Mohr haben dagegen deutlich breitere Gu\u00dfkan\u00e4le, auch weil er mit hohem Bleianteil gegossen hat, wie es mir W. Unger mal erz\u00e4hlt hat. Er kannte ihn ja noch pers\u00f6hnlich.<br \/>\nAlso kein allgemeinb g\u00fcltiges Rezept.<\/p>\n<p>Andreas Trost schreibt:<\/p>\n<div class=\"quoteheader\">\n<div class=\"topslice_quote\"><a href=\"http:\/\/www.figure-mad.com\/smf\/index.php?topic=5847.msg113425#msg113425\">Zitat von: Trostzinn am Juli 05, 2016, 04:15:12 Nachmittag<\/a><\/div>\n<\/div>\n<blockquote class=\"bbc_standard_quote\"><p>&#8230;<br \/>\nder Anguss sollte leicht geschwungen sein damit das Zinn in einem gleichm\u00e4\u00dfigen aber doch hohen Druck einschiessen kann. Der Anguss sollte auch die Form eines Trichters haben alos lieber etwas breiter aber nicht zu tief. Das Ma\u00df sollte in etwa 8 bis 10 cm haben und wenn n\u00f6tig sollte man bei gr\u00f6\u00dferen Figuren noch Hilfsang\u00fcssde machen, damit das Zinn auch tats\u00e4chlich in der ausreichenden Menge in der Form ankommt.<br \/>\n&#8230;<\/p><\/blockquote>\n<div class=\"quotefooter\"><\/div>\n<p><img decoding=\"async\" class=\"bbc_img\" src=\"http:\/\/www.figure-mad.com\/smf\/index.php?action=dlattach;topic=5847.0;attach=33038;image\" alt=\"\" \/><\/p>\n<p>So gehe ich vor, um einerseits schnell zu sein und andererseits Kraft zu sparen:<br \/>\n<img decoding=\"async\" class=\"bbc_img\" src=\"https:\/\/s31.postimg.org\/x06vn6ld7\/EG01.jpg\" alt=\"\" \/><br \/>\nMit einem Boll z. B. Gr. 8 die R\u00e4nder stechen, mit wenig Kraftaufwand und nicht zwingend in einer durchgehenden Linie, &#8211; ich arbeite mich da cm f\u00fcr cm vor.<br \/>\nMit einem etwas breiteren &#8211; hier Gr. 12- die Mitte genau so ausarbeiten, hier kann man ruhig etwas mehr Kraft aufwenden, Ausbr\u00fcche sind hier kein Problem, es sind ja die Begrenzungen da. Da der Querschnitt der Schneide immer noch relativ gering ist, geht das auch recht einfach. Die Tiefe muss noch nicht die Endg\u00fcltige sein.<\/p>\n<p><img decoding=\"async\" class=\"bbc_img\" src=\"https:\/\/s31.postimg.org\/5glp0jdkb\/EG02.jpg\" alt=\"\" \/><br \/>\nIm Trichterbereich habe ich mit dem 12er auch noch mal 2 Linien angelegt, um auch hier erst mal auf etwas Tiefe zu kommen. Die Stichel B12 und mein Dicker sind zu sehen. Mit dem Dicken kann ich nun, mit wieder geringem Kraftaufwand, als es ohne Vorarbeiten m\u00f6glich w\u00e4re, den Kanal ausarbeiten. Siehe hier:<br \/>\n<img decoding=\"async\" class=\"bbc_img\" src=\"https:\/\/s32.postimg.org\/65vm0ziet\/EG03.jpg\" alt=\"\" \/><\/p>\n<p>Wenn ich mit dem Dicken auf das Nieveau der Linie des B12 gekommen bin, kann ich mit dem 12er noch mal auf Tiefe gehen und erneut mit dem Dicken nacharbeiten.<\/p>\n<p><img decoding=\"async\" class=\"bbc_img\" src=\"https:\/\/s32.postimg.org\/fi8ygdrjp\/EG04.jpg\" alt=\"\" \/><br \/>\nIst der Kanal bis zum Rand ausgearbeitet, wird mit dem Dicken der Trichter ausgearbeitet, hier die obere Seite.<\/p>\n<p><img decoding=\"async\" class=\"bbc_img\" src=\"https:\/\/s32.postimg.org\/yqt644nhh\/EG05.jpg\" alt=\"\" \/><br \/>\nSoweit fertig, nun muss ich nur noch mit der Rundfeile den Trichter vertiefen, damit ich sp\u00e4ter bequem eingie\u00dfen kann.<br \/>\nDa habe ich auch schon mal dumm gekuckt, als ich gie\u00dfen wollte und nur einen schmalen Schlitz vorfand. Lie\u00df sich aber schnell beheben.<\/p>\n<p>So ist die\u00a0 Form des Eingu\u00dfes eher dem von Frauendorf \u00e4hnlich, aber dennoch leicht geschwungen und trichterf\u00f6rmig.<\/p>\n<p>Wie schnell das ging: Bild 1 um 18:41 Uhr und Bild 5 um 18:48 Uhr<\/p>\n<p><a href=\"https:\/\/www.zinnfiguren-andrae.de\/HPAndr%C3%A4\/?page_id=213\">Zum Seitenanfang<\/a><br \/>\n<a href=\"https:\/\/www.zinnfiguren-andrae.de\/HPAndr%C3%A4\/?page_id=216\">Zum Teil 3<\/a><\/p>\n","protected":false},"excerpt":{"rendered":"<p>Fu\u00dfbrettchen Fu\u00dfbrettchen sind, wie so vieles, Geschmacksache, ich bevorzuge diese Form, die ich hier nun zeige: Zuerst ziehe ich Hilfslinien f\u00fcr Fu\u00dfleiste und f\u00fcr das Fu\u00dfbrett, hier 1 mm bzw. 4,5 mm Mit Rotstift habe ich die gleichm\u00e4\u00dfige Unterteilung des Fu\u00dfbrettchens vorgenommen, R\u00e4nder und Mitte zuerst und dann die Zwischenr\u00e4ume jeweils geteilt, so dass ich &hellip; <a href=\"https:\/\/www.zinnfiguren-andrae.de\/HPAndr%C3%A4\/?page_id=213\" class=\"more-link\"><span class=\"screen-reader-text\">Gravur einer Form \u2013 Teil 2<\/span> weiterlesen <span class=\"meta-nav\">&rarr;<\/span><\/a><\/p>\n","protected":false},"author":1,"featured_media":0,"parent":0,"menu_order":0,"comment_status":"closed","ping_status":"closed","template":"","meta":{"footnotes":""},"class_list":["post-213","page","type-page","status-publish","hentry"],"_links":{"self":[{"href":"https:\/\/www.zinnfiguren-andrae.de\/HPAndr%C3%A4\/index.php?rest_route=\/wp\/v2\/pages\/213","targetHints":{"allow":["GET"]}}],"collection":[{"href":"https:\/\/www.zinnfiguren-andrae.de\/HPAndr%C3%A4\/index.php?rest_route=\/wp\/v2\/pages"}],"about":[{"href":"https:\/\/www.zinnfiguren-andrae.de\/HPAndr%C3%A4\/index.php?rest_route=\/wp\/v2\/types\/page"}],"author":[{"embeddable":true,"href":"https:\/\/www.zinnfiguren-andrae.de\/HPAndr%C3%A4\/index.php?rest_route=\/wp\/v2\/users\/1"}],"replies":[{"embeddable":true,"href":"https:\/\/www.zinnfiguren-andrae.de\/HPAndr%C3%A4\/index.php?rest_route=%2Fwp%2Fv2%2Fcomments&post=213"}],"version-history":[{"count":11,"href":"https:\/\/www.zinnfiguren-andrae.de\/HPAndr%C3%A4\/index.php?rest_route=\/wp\/v2\/pages\/213\/revisions"}],"predecessor-version":[{"id":511,"href":"https:\/\/www.zinnfiguren-andrae.de\/HPAndr%C3%A4\/index.php?rest_route=\/wp\/v2\/pages\/213\/revisions\/511"}],"wp:attachment":[{"href":"https:\/\/www.zinnfiguren-andrae.de\/HPAndr%C3%A4\/index.php?rest_route=%2Fwp%2Fv2%2Fmedia&parent=213"}],"curies":[{"name":"wp","href":"https:\/\/api.w.org\/{rel}","templated":true}]}}